{"id":374,"date":"2023-12-04T12:22:15","date_gmt":"2023-12-04T11:22:15","guid":{"rendered":"https:\/\/chante-cevennes.fr\/wp\/?page_id=374"},"modified":"2024-12-03T19:57:58","modified_gmt":"2024-12-03T18:57:58","slug":"reserver-en-ligne","status":"publish","type":"page","link":"https:\/\/chante-cevennes.fr\/wp\/","title":{"rendered":"R\u00e9server un h\u00e9bergement en ligne"},"content":{"rendered":"\n\n\n<p>Taxe de s\u00e9jour ajout\u00e9s automatiquement au prix de l&rsquo;h\u00e9bergement.<\/p>\n\n\n\n<div style=\"height:100px\" aria-hidden=\"true\" class=\"wp-block-spacer\"><\/div>\n\n\n\n<div class=\"wp-block-buttons is-layout-flex wp-block-buttons-is-layout-flex\">\n<div class=\"wp-block-button is-style-outline is-style-outline--1\"><a class=\"wp-block-button__link has-black-color has-text-color has-background wp-element-button\" href=\"https:\/\/www.chante-cevennes.fr\/\" style=\"background-color:#b4a980\">Retour \u00e0 l&rsquo;accueil<\/a><\/div>\n<\/div>\n","protected":false},"excerpt":{"rendered":"<p>Taxe de s\u00e9jour ajout\u00e9s automatiquement au prix de l&rsquo;h\u00e9bergement.<\/p>\n","protected":false},"author":1,"featured_media":0,"parent":0,"menu_order":0,"comment_status":"closed","ping_status":"closed","template":"","meta":{"footnotes":""},"class_list":["post-374","page","type-page","status-publish"],"_links":{"self":[{"href":"https:\/\/chante-cevennes.fr\/wp\/wp-json\/wp\/v2\/pages\/374","targetHints":{"allow":["GET"]}}],"collection":[{"href":"https:\/\/chante-cevennes.fr\/wp\/wp-json\/wp\/v2\/pages"}],"about":[{"href":"https:\/\/chante-cevennes.fr\/wp\/wp-json\/wp\/v2\/types\/page"}],"author":[{"embeddable":true,"href":"https:\/\/chante-cevennes.fr\/wp\/wp-json\/wp\/v2\/users\/1"}],"replies":[{"embeddable":true,"href":"https:\/\/chante-cevennes.fr\/wp\/wp-json\/wp\/v2\/comments?post=374"}],"version-history":[{"count":1,"href":"https:\/\/chante-cevennes.fr\/wp\/wp-json\/wp\/v2\/pages\/374\/revisions"}],"predecessor-version":[{"id":478,"href":"https:\/\/chante-cevennes.fr\/wp\/wp-json\/wp\/v2\/pages\/374\/revisions\/478"}],"wp:attachment":[{"href":"https:\/\/chante-cevennes.fr\/wp\/wp-json\/wp\/v2\/media?parent=374"}],"curies":[{"name":"wp","href":"https:\/\/api.w.org\/{rel}","templated":true}]}}